{"id":5381,"date":"2025-06-10T12:15:58","date_gmt":"2025-06-10T12:15:58","guid":{"rendered":"https:\/\/condisystems.com\/?page_id=5381"},"modified":"2025-08-29T12:08:21","modified_gmt":"2025-08-29T12:08:21","slug":"know","status":"publish","type":"page","link":"https:\/\/condisystems.com\/en\/know","title":{"rendered":"Knowledge"},"content":{"rendered":"\t\t<div data-elementor-type=\"wp-page\" data-elementor-id=\"5381\" class=\"elementor elementor-5381\" data-elementor-post-type=\"page\">\n\t\t\t\t<div class=\"elementor-element elementor-element-b51d325 e-flex e-con-boxed e-con e-parent\" data-id=\"b51d325\" data-element_type=\"container\" data-e-type=\"container\" data-settings=\"{&quot;background_background&quot;:&quot;classic&quot;}\">\r\n\t\t\t\t\t<div class=\"e-con-inner\">\r\n\t\t\t\t<div class=\"elementor-element elementor-element-6049b525 elementor-widget elementor-widget-heading\" data-id=\"6049b525\" data-element_type=\"widget\" data-e-type=\"widget\" data-widget_type=\"heading.default\">\n\t\t\t\t<div class=\"elementor-widget-container\">\n\t\t\t\t\t<h1 class=\"elementor-heading-title elementor-size-default\">Wissen rund um Kunststoffkonditionierung<\/h1>\t\t\t\t<\/div>\n\t\t\t\t<\/div>\n\t\t\t\t<div class=\"elementor-element elementor-element-41a972ed elementor-widget elementor-widget-heading\" data-id=\"41a972ed\" data-element_type=\"widget\" data-e-type=\"widget\" data-widget_type=\"heading.default\">\n\t\t\t\t<div class=\"elementor-widget-container\">\n\t\t\t\t\t<h2 class=\"elementor-heading-title elementor-size-default\">Fakten, Methoden und L\u00f6sungen aus der Praxis<\/h2>\t\t\t\t<\/div>\n\t\t\t\t<\/div>\n\t\t\t\t<div class=\"elementor-element elementor-element-3574271 elementor-widget elementor-widget-text-editor\" data-id=\"3574271\" data-element_type=\"widget\" data-e-type=\"widget\" data-widget_type=\"text-editor.default\">\n\t\t\t\t<div class=\"elementor-widget-container\">\n\t\t\t\t\t\t\t\t\t<p><span style=\"color: #ffffff;\">Die Konditionierung von Kunststoffen wie Polyamid (PA6, PA66) ist entscheidend, um Ma\u00dfhaltigkeit, Festigkeit und eine zuverl\u00e4ssige Verarbeitung sicherzustellen. In unserem Wissenszentrum erkl\u00e4ren wir Verfahren wie Dampfkonditionierung, Vakuumtechnik und No-Energy-Konditionierung, vergleichen Methoden und geben praxisnahe Tipps. So erfahren Sie, welche <strong data-start=\"1062\" data-end=\"1085\">Konditionieranlagen<\/strong> f\u00fcr Ihre <strong data-start=\"1095\" data-end=\"1116\">Polyamid-Bauteile<\/strong> und Produktionsprozesse die optimale L\u00f6sung bieten.<\/span><\/p>\t\t\t\t\t\t\t\t<\/div>\n\t\t\t\t<\/div>\n\t\t\t\t\t<\/div>\n\t\t\t\t<\/div>\n\t\t<div class=\"elementor-element elementor-element-76a4720 e-flex e-con-boxed e-con e-parent\" data-id=\"76a4720\" data-element_type=\"container\" data-e-type=\"container\">\r\n\t\t\t\t\t<div class=\"e-con-inner\">\r\n\t\t\t\t<div class=\"elementor-element elementor-element-9e57dfa elementor-widget elementor-widget-spacer\" data-id=\"9e57dfa\" data-element_type=\"widget\" data-e-type=\"widget\" data-widget_type=\"spacer.default\">\n\t\t\t\t<div class=\"elementor-widget-container\">\n\t\t\t\t\t\t\t<div class=\"elementor-spacer\">\n\t\t\t<div class=\"elementor-spacer-inner\"><\/div>\n\t\t<\/div>\n\t\t\t\t\t\t<\/div>\n\t\t\t\t<\/div>\n\t\t\t\t\t<\/div>\n\t\t\t\t<\/div>\n\t\t<div class=\"elementor-element elementor-element-4a54ec88 e-flex e-con-boxed e-con e-parent\" data-id=\"4a54ec88\" data-element_type=\"container\" data-e-type=\"container\">\r\n\t\t\t\t\t<div class=\"e-con-inner\">\r\n\t\t\t\t<div class=\"elementor-element elementor-element-47303a04 elementor-grid-3 elementor-grid-tablet-2 elementor-grid-mobile-1 elementor-widget elementor-widget-loop-grid\" data-id=\"47303a04\" data-element_type=\"widget\" data-e-type=\"widget\" data-settings=\"{&quot;template_id&quot;:&quot;5452&quot;,&quot;row_gap&quot;:{&quot;unit&quot;:&quot;px&quot;,&quot;size&quot;:0,&quot;sizes&quot;:[]},&quot;pagination_type&quot;:&quot;numbers_and_prev_next&quot;,&quot;_skin&quot;:&quot;post&quot;,&quot;columns&quot;:&quot;3&quot;,&quot;columns_tablet&quot;:&quot;2&quot;,&quot;columns_mobile&quot;:&quot;1&quot;,&quot;edit_handle_selector&quot;:&quot;[data-elementor-type=\\&quot;loop-item\\&quot;]&quot;,&quot;pagination_load_type&quot;:&quot;page_reload&quot;,&quot;row_gap_tablet&quot;:{&quot;unit&quot;:&quot;px&quot;,&quot;size&quot;:&quot;&quot;,&quot;sizes&quot;:[]},&quot;row_gap_mobile&quot;:{&quot;unit&quot;:&quot;px&quot;,&quot;size&quot;:&quot;&quot;,&quot;sizes&quot;:[]}}\" data-widget_type=\"loop-grid.post\">\n\t\t\t\t<div class=\"elementor-widget-container\">\n\t\t\t\t\t\t\t<div class=\"elementor-loop-container elementor-grid\" role=\"list\">\n\t\t<style id=\"loop-5452\">.elementor-5452 .elementor-element.elementor-element-969b4fc{--display:flex;--flex-direction:column;--container-widget-width:100%;--container-widget-height:initial;--container-widget-flex-grow:0;--container-widget-align-self:initial;--flex-wrap-mobile:wrap;box-shadow:0px 0px 10px 0px rgba(0,0,0,0.5);--padding-block-start:20px;--padding-block-end:20px;--padding-inline-start:20px;--padding-inline-end:20px;}.container-fluid .e-parent.e-con-full .e-con-boxed.elementor-element-969b4fc{--padding-inline-start:20px;--padding-inline-end:20px;}.elementor-widget-theme-post-featured-image .widget-image-caption{color:var( --e-global-color-text );font-family:var( --e-global-typography-text-font-family ), Poppins;font-size:var( --e-global-typography-text-font-size );font-weight:var( --e-global-typography-text-font-weight );}.elementor-5452 .elementor-element.elementor-element-36d1af2 img{width:92%;max-width:100%;height:210px;}.elementor-5452 .elementor-element.elementor-element-36d1af2 > .elementor-widget-container{margin:0px 0px 0px 0px;padding:0px 0px 0px 0px;}.elementor-widget-theme-post-title .elementor-heading-title{font-family:var( --e-global-typography-primary-font-family ), Poppins;font-size:var( --e-global-typography-primary-font-size );font-weight:var( --e-global-typography-primary-font-weight );color:var( --e-global-color-primary );}.elementor-5452 .elementor-element.elementor-element-fcab83f .elementor-heading-title{font-family:\"Poppins\", Poppins;font-size:25px;font-weight:700;color:var( --e-global-color-accent );}.elementor-widget-theme-post-excerpt .elementor-widget-container{font-family:var( --e-global-typography-text-font-family ), Poppins;font-size:var( --e-global-typography-text-font-size );font-weight:var( --e-global-typography-text-font-weight );color:var( --e-global-color-text );}.elementor-5452 .elementor-element.elementor-element-d3f799a .elementor-widget-container{font-family:\"Lato\", Poppins;font-size:15px;font-weight:400;}@media(min-width:768px){.elementor-5452 .elementor-element.elementor-element-969b4fc{--content-width:500px;}}@media(max-width:991px){.elementor-widget-theme-post-featured-image .widget-image-caption{font-size:var( --e-global-typography-text-font-size );}.elementor-widget-theme-post-title .elementor-heading-title{font-size:var( --e-global-typography-primary-font-size );}.elementor-widget-theme-post-excerpt .elementor-widget-container{font-size:var( --e-global-typography-text-font-size );}}@media(max-width:767px){.elementor-widget-theme-post-featured-image .widget-image-caption{font-size:var( --e-global-typography-text-font-size );}.elementor-widget-theme-post-title .elementor-heading-title{font-size:var( --e-global-typography-primary-font-size );}.elementor-widget-theme-post-excerpt .elementor-widget-container{font-size:var( --e-global-typography-text-font-size );}}<\/style>\t\t<div data-elementor-type=\"loop-item\" data-elementor-id=\"5452\" class=\"elementor elementor-5452 e-loop-item e-loop-item-6135 post-6135 post type-post status-publish format-standard has-post-thumbnail hentry category-uncategorized\" data-elementor-post-type=\"elementor_library\" data-custom-edit-handle=\"1\">\n\t\t\t<div class=\"elementor-element elementor-element-969b4fc e-flex e-con-boxed e-con e-parent\" data-id=\"969b4fc\" data-element_type=\"container\" data-e-type=\"container\">\r\n\t\t\t\t\t<div class=\"e-con-inner\">\r\n\t\t\t\t<div class=\"elementor-element elementor-element-36d1af2 elementor-widget elementor-widget-theme-post-featured-image elementor-widget-image\" data-id=\"36d1af2\" data-element_type=\"widget\" data-e-type=\"widget\" data-widget_type=\"theme-post-featured-image.default\">\n\t\t\t\t<div class=\"elementor-widget-container\">\n\t\t\t\t\t\t\t\t\t\t\t\t\t\t\t\t<a href=\"https:\/\/condisystems.com\/en\/how-long-does-polyamide-need-to-be-conditioned\">\n\t\t\t\t\t\t\t<img fetchpriority=\"high\" decoding=\"async\" width=\"1024\" height=\"576\" src=\"https:\/\/condisystems.com\/wp-content\/uploads\/2026\/03\/Red-Bold-Finance-YouTube-Thumbnail-3-1024x576.png\" class=\"elementor-animation-shrink attachment-large size-large wp-image-6179\" alt=\"\" srcset=\"https:\/\/condisystems.com\/wp-content\/uploads\/2026\/03\/Red-Bold-Finance-YouTube-Thumbnail-3-1024x576.png 1024w, https:\/\/condisystems.com\/wp-content\/uploads\/2026\/03\/Red-Bold-Finance-YouTube-Thumbnail-3-768x432.png 768w, https:\/\/condisystems.com\/wp-content\/uploads\/2026\/03\/Red-Bold-Finance-YouTube-Thumbnail-3-640x360.png 640w, https:\/\/condisystems.com\/wp-content\/uploads\/2026\/03\/Red-Bold-Finance-YouTube-Thumbnail-3-400x225.png 400w\" sizes=\"(max-width: 1024px) 100vw, 1024px\" \/>\t\t\t\t\t\t\t\t<\/a>\n\t\t\t\t\t\t\t\t\t\t\t\t\t\t\t<\/div>\n\t\t\t\t<\/div>\n\t\t\t\t<div class=\"elementor-element elementor-element-fcab83f elementor-widget elementor-widget-theme-post-title elementor-page-title elementor-widget-heading\" data-id=\"fcab83f\" data-element_type=\"widget\" data-e-type=\"widget\" data-widget_type=\"theme-post-title.default\">\n\t\t\t\t<div class=\"elementor-widget-container\">\n\t\t\t\t\t<h1 class=\"elementor-heading-title elementor-size-default\">Wie lange muss Polyamid konditioniert werden?<\/h1>\t\t\t\t<\/div>\n\t\t\t\t<\/div>\n\t\t\t\t<div class=\"elementor-element elementor-element-d3f799a elementor-widget elementor-widget-theme-post-excerpt\" data-id=\"d3f799a\" data-element_type=\"widget\" data-e-type=\"widget\" data-widget_type=\"theme-post-excerpt.default\">\n\t\t\t\t<div class=\"elementor-widget-container\">\n\t\t\t\t\tNicht die Zeit entscheidet, sondern das Verfahren. Wer die Unterschiede kennt, trifft die bessere Prozessentscheidung.\t\t\t\t<\/div>\n\t\t\t\t<\/div>\n\t\t\t\t\t<\/div>\n\t\t\t\t<\/div>\n\t\t\t\t<\/div>\n\t\t\t\t<div data-elementor-type=\"loop-item\" data-elementor-id=\"5452\" class=\"elementor elementor-5452 e-loop-item e-loop-item-4458 post-4458 post type-post status-publish format-standard has-post-thumbnail hentry category-blogartikel\" data-elementor-post-type=\"elementor_library\" data-custom-edit-handle=\"1\">\n\t\t\t<div class=\"elementor-element elementor-element-969b4fc e-flex e-con-boxed e-con e-parent\" data-id=\"969b4fc\" data-element_type=\"container\" data-e-type=\"container\">\r\n\t\t\t\t\t<div class=\"e-con-inner\">\r\n\t\t\t\t<div class=\"elementor-element elementor-element-36d1af2 elementor-widget elementor-widget-theme-post-featured-image elementor-widget-image\" data-id=\"36d1af2\" data-element_type=\"widget\" data-e-type=\"widget\" data-widget_type=\"theme-post-featured-image.default\">\n\t\t\t\t<div class=\"elementor-widget-container\">\n\t\t\t\t\t\t\t\t\t\t\t\t\t\t\t\t<a href=\"https:\/\/condisystems.com\/en\/5-advantages-of-vapour-conditioning\">\n\t\t\t\t\t\t\t<img decoding=\"async\" width=\"1024\" height=\"576\" src=\"https:\/\/condisystems.com\/wp-content\/uploads\/2024\/12\/Red-Bold-Finance-YouTube-Thumbnail-2-1024x576.png\" class=\"elementor-animation-shrink attachment-large size-large wp-image-5401\" alt=\"\" srcset=\"https:\/\/condisystems.com\/wp-content\/uploads\/2024\/12\/Red-Bold-Finance-YouTube-Thumbnail-2-1024x576.png 1024w, https:\/\/condisystems.com\/wp-content\/uploads\/2024\/12\/Red-Bold-Finance-YouTube-Thumbnail-2-768x432.png 768w, https:\/\/condisystems.com\/wp-content\/uploads\/2024\/12\/Red-Bold-Finance-YouTube-Thumbnail-2-640x360.png 640w, https:\/\/condisystems.com\/wp-content\/uploads\/2024\/12\/Red-Bold-Finance-YouTube-Thumbnail-2-400x225.png 400w\" sizes=\"(max-width: 1024px) 100vw, 1024px\" \/>\t\t\t\t\t\t\t\t<\/a>\n\t\t\t\t\t\t\t\t\t\t\t\t\t\t\t<\/div>\n\t\t\t\t<\/div>\n\t\t\t\t<div class=\"elementor-element elementor-element-fcab83f elementor-widget elementor-widget-theme-post-title elementor-page-title elementor-widget-heading\" data-id=\"fcab83f\" data-element_type=\"widget\" data-e-type=\"widget\" data-widget_type=\"theme-post-title.default\">\n\t\t\t\t<div class=\"elementor-widget-container\">\n\t\t\t\t\t<h1 class=\"elementor-heading-title elementor-size-default\">4 Vorteile der Dampfkonditionierung<\/h1>\t\t\t\t<\/div>\n\t\t\t\t<\/div>\n\t\t\t\t<div class=\"elementor-element elementor-element-d3f799a elementor-widget elementor-widget-theme-post-excerpt\" data-id=\"d3f799a\" data-element_type=\"widget\" data-e-type=\"widget\" data-widget_type=\"theme-post-excerpt.default\">\n\t\t\t\t<div class=\"elementor-widget-container\">\n\t\t\t\t\tVier starke Argumente, warum moderne Unternehmen auf Dampfkonditionierung setzen \u2013 und was sie damit besser machen als andere.\t\t\t\t<\/div>\n\t\t\t\t<\/div>\n\t\t\t\t\t<\/div>\n\t\t\t\t<\/div>\n\t\t\t\t<\/div>\n\t\t\t\t<div data-elementor-type=\"loop-item\" data-elementor-id=\"5452\" class=\"elementor elementor-5452 e-loop-item e-loop-item-4447 post-4447 post type-post status-publish format-standard has-post-thumbnail hentry category-blogartikel\" data-elementor-post-type=\"elementor_library\" data-custom-edit-handle=\"1\">\n\t\t\t<div class=\"elementor-element elementor-element-969b4fc e-flex e-con-boxed e-con e-parent\" data-id=\"969b4fc\" data-element_type=\"container\" data-e-type=\"container\">\r\n\t\t\t\t\t<div class=\"e-con-inner\">\r\n\t\t\t\t<div class=\"elementor-element elementor-element-36d1af2 elementor-widget elementor-widget-theme-post-featured-image elementor-widget-image\" data-id=\"36d1af2\" data-element_type=\"widget\" data-e-type=\"widget\" data-widget_type=\"theme-post-featured-image.default\">\n\t\t\t\t<div class=\"elementor-widget-container\">\n\t\t\t\t\t\t\t\t\t\t\t\t\t\t\t\t<a href=\"https:\/\/condisystems.com\/en\/steam-conditioning-vs-water-bath\">\n\t\t\t\t\t\t\t<img decoding=\"async\" width=\"1024\" height=\"576\" src=\"https:\/\/condisystems.com\/wp-content\/uploads\/2024\/12\/Red-Bold-Finance-YouTube-Thumbnail-1-1024x576.png\" class=\"elementor-animation-shrink attachment-large size-large wp-image-5400\" alt=\"\" srcset=\"https:\/\/condisystems.com\/wp-content\/uploads\/2024\/12\/Red-Bold-Finance-YouTube-Thumbnail-1-1024x576.png 1024w, https:\/\/condisystems.com\/wp-content\/uploads\/2024\/12\/Red-Bold-Finance-YouTube-Thumbnail-1-768x432.png 768w, https:\/\/condisystems.com\/wp-content\/uploads\/2024\/12\/Red-Bold-Finance-YouTube-Thumbnail-1-640x360.png 640w, https:\/\/condisystems.com\/wp-content\/uploads\/2024\/12\/Red-Bold-Finance-YouTube-Thumbnail-1-400x225.png 400w\" sizes=\"(max-width: 1024px) 100vw, 1024px\" \/>\t\t\t\t\t\t\t\t<\/a>\n\t\t\t\t\t\t\t\t\t\t\t\t\t\t\t<\/div>\n\t\t\t\t<\/div>\n\t\t\t\t<div class=\"elementor-element elementor-element-fcab83f elementor-widget elementor-widget-theme-post-title elementor-page-title elementor-widget-heading\" data-id=\"fcab83f\" data-element_type=\"widget\" data-e-type=\"widget\" data-widget_type=\"theme-post-title.default\">\n\t\t\t\t<div class=\"elementor-widget-container\">\n\t\t\t\t\t<h1 class=\"elementor-heading-title elementor-size-default\">Dampfkonditionierung vs. Wasserbad<\/h1>\t\t\t\t<\/div>\n\t\t\t\t<\/div>\n\t\t\t\t<div class=\"elementor-element elementor-element-d3f799a elementor-widget elementor-widget-theme-post-excerpt\" data-id=\"d3f799a\" data-element_type=\"widget\" data-e-type=\"widget\" data-widget_type=\"theme-post-excerpt.default\">\n\t\t\t\t<div class=\"elementor-widget-container\">\n\t\t\t\t\tNur eine Methode \u00fcberzeugt bei Effizienz, Sauberkeit und Prozesssicherheit. Wer den Vergleich kennt, entscheidet besser.\t\t\t\t<\/div>\n\t\t\t\t<\/div>\n\t\t\t\t\t<\/div>\n\t\t\t\t<\/div>\n\t\t\t\t<\/div>\n\t\t\t\t<\/div>\n\t\t\n\t\t\t\t\t\t<\/div>\n\t\t\t\t<\/div>\n\t\t\t\t\t<\/div>\n\t\t\t\t<\/div>\n\t\t<div class=\"elementor-element elementor-element-bb80211 e-flex e-con-boxed e-con e-parent\" data-id=\"bb80211\" data-element_type=\"container\" data-e-type=\"container\">\r\n\t\t\t\t\t<div class=\"e-con-inner\">\r\n\t\t\t\t\t<\/div>\n\t\t\t\t<\/div>\n\t\t\t\t<\/div>\n\t\t","protected":false},"excerpt":{"rendered":"<p>Wissen rund um Kunststoffkonditionierung Fakten, Methoden und L\u00f6sungen aus der Praxis Die Konditionierung von Kunststoffen wie Polyamid (PA6, PA66) ist entscheidend, um Ma\u00dfhaltigkeit, Festigkeit und eine zuverl\u00e4ssige Verarbeitung sicherzustellen. In unserem Wissenszentrum erkl\u00e4ren wir Verfahren wie Dampfkonditionierung, Vakuumtechnik und No-Energy-Konditionierung, vergleichen Methoden und geben praxisnahe Tipps. So erfahren Sie, welche Konditionieranlagen f\u00fcr Ihre Polyamid-Bauteile und [&hellip;]<\/p>\n","protected":false},"author":1,"featured_media":0,"parent":0,"menu_order":0,"comment_status":"closed","ping_status":"closed","template":"","meta":{"_acf_changed":false,"footnotes":""},"class_list":["post-5381","page","type-page","status-publish","hentry"],"acf":[],"yoast_head":"<!-- This site is optimized with the Yoast SEO plugin v27.6 - https:\/\/yoast.com\/product\/yoast-seo-wordpress\/ -->\n<title>Wissen zur PA-Konditionierung | Fachartikel &amp; Leitf\u00e4den<\/title>\n<meta name=\"description\" content=\"Praxiswissen zur Konditionierung von PA6 und PA66. Fachartikel und Leitf\u00e4den zu Anlagen und Verfahren \u2013 kompakt und verst\u00e4ndlich erkl\u00e4rt.\" \/>\n<meta name=\"robots\" content=\"index, follow, max-snippet:-1, max-image-preview:large, max-video-preview:-1\" \/>\n<link rel=\"canonical\" href=\"https:\/\/condisystems.com\/en\/know\" \/>\n<meta property=\"og:locale\" content=\"en_GB\" \/>\n<meta property=\"og:type\" content=\"article\" \/>\n<meta property=\"og:title\" content=\"Wissen zur PA-Konditionierung | Fachartikel &amp; Leitf\u00e4den\" \/>\n<meta property=\"og:description\" content=\"Praxiswissen zur Konditionierung von PA6 und PA66. Fachartikel und Leitf\u00e4den zu Anlagen und Verfahren \u2013 kompakt und verst\u00e4ndlich erkl\u00e4rt.\" \/>\n<meta property=\"og:url\" content=\"https:\/\/condisystems.com\/en\/know\" \/>\n<meta property=\"og:site_name\" content=\"Condisystems\" \/>\n<meta property=\"article:modified_time\" content=\"2025-08-29T12:08:21+00:00\" \/>\n<meta name=\"twitter:card\" content=\"summary_large_image\" \/>\n<meta name=\"twitter:label1\" content=\"Estimated reading time\" \/>\n\t<meta name=\"twitter:data1\" content=\"2 minutes\" \/>\n<script type=\"application\/ld+json\" class=\"yoast-schema-graph\">{\"@context\":\"https:\\\/\\\/schema.org\",\"@graph\":[{\"@type\":\"WebPage\",\"@id\":\"https:\\\/\\\/condisystems.com\\\/wissen\",\"url\":\"https:\\\/\\\/condisystems.com\\\/wissen\",\"name\":\"Wissen zur PA-Konditionierung | Fachartikel & Leitf\u00e4den\",\"isPartOf\":{\"@id\":\"https:\\\/\\\/condisystems.com\\\/#website\"},\"datePublished\":\"2025-06-10T12:15:58+00:00\",\"dateModified\":\"2025-08-29T12:08:21+00:00\",\"description\":\"Praxiswissen zur Konditionierung von PA6 und PA66. Fachartikel und Leitf\u00e4den zu Anlagen und Verfahren \u2013 kompakt und verst\u00e4ndlich erkl\u00e4rt.\",\"breadcrumb\":{\"@id\":\"https:\\\/\\\/condisystems.com\\\/wissen#breadcrumb\"},\"inLanguage\":\"en-GB\",\"potentialAction\":[{\"@type\":\"ReadAction\",\"target\":[\"https:\\\/\\\/condisystems.com\\\/wissen\"]}]},{\"@type\":\"BreadcrumbList\",\"@id\":\"https:\\\/\\\/condisystems.com\\\/wissen#breadcrumb\",\"itemListElement\":[{\"@type\":\"ListItem\",\"position\":1,\"name\":\"Startseite\",\"item\":\"https:\\\/\\\/condisystems.com\\\/\"},{\"@type\":\"ListItem\",\"position\":2,\"name\":\"Wissen\"}]},{\"@type\":\"WebSite\",\"@id\":\"https:\\\/\\\/condisystems.com\\\/#website\",\"url\":\"https:\\\/\\\/condisystems.com\\\/\",\"name\":\"Condisystems\",\"description\":\"\",\"publisher\":{\"@id\":\"https:\\\/\\\/condisystems.com\\\/#organization\"},\"potentialAction\":[{\"@type\":\"SearchAction\",\"target\":{\"@type\":\"EntryPoint\",\"urlTemplate\":\"https:\\\/\\\/condisystems.com\\\/?s={search_term_string}\"},\"query-input\":{\"@type\":\"PropertyValueSpecification\",\"valueRequired\":true,\"valueName\":\"search_term_string\"}}],\"inLanguage\":\"en-GB\"},{\"@type\":\"Organization\",\"@id\":\"https:\\\/\\\/condisystems.com\\\/#organization\",\"name\":\"IMA-Buscher GmbH\",\"url\":\"https:\\\/\\\/condisystems.com\\\/\",\"logo\":{\"@type\":\"ImageObject\",\"inLanguage\":\"en-GB\",\"@id\":\"https:\\\/\\\/condisystems.com\\\/#\\\/schema\\\/logo\\\/image\\\/\",\"url\":\"https:\\\/\\\/condisystems.com\\\/wp-content\\\/uploads\\\/2025\\\/08\\\/cropped-android-chrome-512x512-1.png\",\"contentUrl\":\"https:\\\/\\\/condisystems.com\\\/wp-content\\\/uploads\\\/2025\\\/08\\\/cropped-android-chrome-512x512-1.png\",\"width\":512,\"height\":512,\"caption\":\"IMA-Buscher GmbH\"},\"image\":{\"@id\":\"https:\\\/\\\/condisystems.com\\\/#\\\/schema\\\/logo\\\/image\\\/\"}}]}<\/script>\n<!-- \/ Yoast SEO plugin. -->","yoast_head_json":{"title":"Knowledge about PA conditioning | Technical articles &amp; guides","description":"Practical knowledge on conditioning PA6 and PA66. Technical articles and guidelines on systems and processes - explained in a compact and understandable way.","robots":{"index":"index","follow":"follow","max-snippet":"max-snippet:-1","max-image-preview":"max-image-preview:large","max-video-preview":"max-video-preview:-1"},"canonical":"https:\/\/condisystems.com\/en\/know","og_locale":"en_GB","og_type":"article","og_title":"Wissen zur PA-Konditionierung | Fachartikel & Leitf\u00e4den","og_description":"Praxiswissen zur Konditionierung von PA6 und PA66. Fachartikel und Leitf\u00e4den zu Anlagen und Verfahren \u2013 kompakt und verst\u00e4ndlich erkl\u00e4rt.","og_url":"https:\/\/condisystems.com\/en\/know","og_site_name":"Condisystems","article_modified_time":"2025-08-29T12:08:21+00:00","twitter_card":"summary_large_image","twitter_misc":{"Estimated reading time":"2 minutes"},"schema":{"@context":"https:\/\/schema.org","@graph":[{"@type":"WebPage","@id":"https:\/\/condisystems.com\/wissen","url":"https:\/\/condisystems.com\/wissen","name":"Knowledge about PA conditioning | Technical articles &amp; guides","isPartOf":{"@id":"https:\/\/condisystems.com\/#website"},"datePublished":"2025-06-10T12:15:58+00:00","dateModified":"2025-08-29T12:08:21+00:00","description":"Practical knowledge on conditioning PA6 and PA66. Technical articles and guidelines on systems and processes - explained in a compact and understandable way.","breadcrumb":{"@id":"https:\/\/condisystems.com\/wissen#breadcrumb"},"inLanguage":"en-GB","potentialAction":[{"@type":"ReadAction","target":["https:\/\/condisystems.com\/wissen"]}]},{"@type":"BreadcrumbList","@id":"https:\/\/condisystems.com\/wissen#breadcrumb","itemListElement":[{"@type":"ListItem","position":1,"name":"Startseite","item":"https:\/\/condisystems.com\/"},{"@type":"ListItem","position":2,"name":"Wissen"}]},{"@type":"WebSite","@id":"https:\/\/condisystems.com\/#website","url":"https:\/\/condisystems.com\/","name":"Condisystems","description":"","publisher":{"@id":"https:\/\/condisystems.com\/#organization"},"potentialAction":[{"@type":"SearchAction","target":{"@type":"EntryPoint","urlTemplate":"https:\/\/condisystems.com\/?s={search_term_string}"},"query-input":{"@type":"PropertyValueSpecification","valueRequired":true,"valueName":"search_term_string"}}],"inLanguage":"en-GB"},{"@type":"Organization","@id":"https:\/\/condisystems.com\/#organization","name":"IMA-Buscher GmbH","url":"https:\/\/condisystems.com\/","logo":{"@type":"ImageObject","inLanguage":"en-GB","@id":"https:\/\/condisystems.com\/#\/schema\/logo\/image\/","url":"https:\/\/condisystems.com\/wp-content\/uploads\/2025\/08\/cropped-android-chrome-512x512-1.png","contentUrl":"https:\/\/condisystems.com\/wp-content\/uploads\/2025\/08\/cropped-android-chrome-512x512-1.png","width":512,"height":512,"caption":"IMA-Buscher GmbH"},"image":{"@id":"https:\/\/condisystems.com\/#\/schema\/logo\/image\/"}}]}},"_links":{"self":[{"href":"https:\/\/condisystems.com\/en\/wp-json\/wp\/v2\/pages\/5381","targetHints":{"allow":["GET"]}}],"collection":[{"href":"https:\/\/condisystems.com\/en\/wp-json\/wp\/v2\/pages"}],"about":[{"href":"https:\/\/condisystems.com\/en\/wp-json\/wp\/v2\/types\/page"}],"author":[{"embeddable":true,"href":"https:\/\/condisystems.com\/en\/wp-json\/wp\/v2\/users\/1"}],"replies":[{"embeddable":true,"href":"https:\/\/condisystems.com\/en\/wp-json\/wp\/v2\/comments?post=5381"}],"version-history":[{"count":85,"href":"https:\/\/condisystems.com\/en\/wp-json\/wp\/v2\/pages\/5381\/revisions"}],"predecessor-version":[{"id":5957,"href":"https:\/\/condisystems.com\/en\/wp-json\/wp\/v2\/pages\/5381\/revisions\/5957"}],"wp:attachment":[{"href":"https:\/\/condisystems.com\/en\/wp-json\/wp\/v2\/media?parent=5381"}],"curies":[{"name":"wp","href":"https:\/\/api.w.org\/{rel}","templated":true}]}}